{"id":9,"date":"2019-05-09T14:56:30","date_gmt":"2019-05-09T17:56:30","guid":{"rendered":"http:\/\/fazfort.com.br\/?page_id=9"},"modified":"2022-07-12T20:57:54","modified_gmt":"2022-07-12T23:57:54","slug":"inicio","status":"publish","type":"page","link":"https:\/\/fazfort.com.br\/es\/","title":{"rendered":"Inicio"},"content":{"rendered":"<p><\/p>\n<h2><span style=\"color: #8dd0f1;\">La FazFort<\/span><\/h2>\n<p>\u00c1gil, din\u00e1mica, competitiva y con un sistema de calidad que garantiza a sus productos los m\u00e1s modernos est\u00e1ndares de calidad. As\u00ed es Fazfort, una empresa con muchos a\u00f1os de experiencia en el mercado de fabricaci\u00f3n de piezas de pl\u00e1sticos inyectados, utilizando las m\u00e1s diversas resinas termopl\u00e1sticas.<\/p>\n<p><\/p>","protected":false},"excerpt":{"rendered":"<p>La FazFort \u00c1gil, din\u00e1mica, competitiva y con un sistema de calidad que garantiza a sus productos los m\u00e1s modernos est\u00e1ndares de calidad. As\u00ed es Fazfort, una empresa con muchos a\u00f1os de experiencia en el mercado de fabricaci\u00f3n de piezas de pl\u00e1sticos inyectados, utilizando las m\u00e1s diversas resinas termopl\u00e1sticas.<\/p>\n","protected":false},"author":1,"featured_media":0,"parent":0,"menu_order":8,"comment_status":"closed","ping_status":"closed","template":"","meta":{"_joinchat":[],"footnotes":""},"class_list":["post-9","page","type-page","status-publish","hentry"],"_links":{"self":[{"href":"https:\/\/fazfort.com.br\/es\/wp-json\/wp\/v2\/pages\/9","targetHints":{"allow":["GET"]}}],"collection":[{"href":"https:\/\/fazfort.com.br\/es\/wp-json\/wp\/v2\/pages"}],"about":[{"href":"https:\/\/fazfort.com.br\/es\/wp-json\/wp\/v2\/types\/page"}],"author":[{"embeddable":true,"href":"https:\/\/fazfort.com.br\/es\/wp-json\/wp\/v2\/users\/1"}],"replies":[{"embeddable":true,"href":"https:\/\/fazfort.com.br\/es\/wp-json\/wp\/v2\/comments?post=9"}],"version-history":[{"count":16,"href":"https:\/\/fazfort.com.br\/es\/wp-json\/wp\/v2\/pages\/9\/revisions"}],"predecessor-version":[{"id":468,"href":"https:\/\/fazfort.com.br\/es\/wp-json\/wp\/v2\/pages\/9\/revisions\/468"}],"wp:attachment":[{"href":"https:\/\/fazfort.com.br\/es\/wp-json\/wp\/v2\/media?parent=9"}],"curies":[{"name":"wp","href":"https:\/\/api.w.org\/{rel}","templated":true}]}}