{"id":35,"date":"2019-05-09T17:16:36","date_gmt":"2019-05-09T20:16:36","guid":{"rendered":"http:\/\/fazfort.com.br\/?page_id=35"},"modified":"2019-08-26T09:52:15","modified_gmt":"2019-08-26T12:52:15","slug":"politica-de-qualidade","status":"publish","type":"page","link":"https:\/\/fazfort.com.br\/es\/empresa\/politica-de-qualidade\/","title":{"rendered":"Pol\u00edtica de Calidad"},"content":{"rendered":"<p><\/p>\n<h1>Pol\u00edtica de Calidad<\/h1>\n<p>La Pol\u00edtica de Calidad de Fazfort es producir y comercializar piezas inyectadas de pl\u00e1stico con calidad que satisfaga las expectativas del mercado, con rentabilidad. Para ello, establece un compromiso con el cumplimiento de los requisitos y la mejora continua de su Sistema de Gesti\u00f3n de la Calidad.<\/p>\n<p>Concretar esta Pol\u00edtica con sustentabilidad para el negocio depende de una relaci\u00f3n equilibrada entre Fazfort y sus socios que se apoya en los siguientes valores:<\/p>\n<p>CLIENTES &#8211; Nuestro m\u00e1s importante criterio de calidad es la satisfacci\u00f3n de nuestros clientes. Dirigimos nuestros esfuerzos en el mantenimiento de la total confianza de los mismos.<\/p>\n<p>P\u00daBLICO INTERNO &#8211; Desarrollar y valorar al hombre es de fundamental importancia pues \u00e9l es la base para la obtenci\u00f3n de la calidad en nuestros productos.<\/p>\n<p>PROVEEDORES &#8211; Buscar constantemente la asociaci\u00f3n con nuestros proveedores es un factor estrat\u00e9gico para nuestro negocio.<\/p>\n<p>MEDIO AMBIENTE \/ COMUNIDAD &#8211; Nuestras acciones en el d\u00eda a d\u00eda se basan en la noci\u00f3n del desarrollo sostenible, o sea, visamos un desarrollo productivo y tecnol\u00f3gico que respete, tanto la preservaci\u00f3n del medio ambiente, como la comunidad.<\/p>\n<p><\/p>","protected":false},"excerpt":{"rendered":"<p>Pol\u00edtica de Calidad La Pol\u00edtica de Calidad de Fazfort es producir y comercializar piezas inyectadas de pl\u00e1stico con calidad que satisfaga las expectativas del mercado, con rentabilidad. Para ello, establece un compromiso con el cumplimiento de los requisitos y la mejora continua de su Sistema de Gesti\u00f3n de la Calidad. Concretar esta Pol\u00edtica con sustentabilidad [&hellip;]<\/p>\n","protected":false},"author":1,"featured_media":171,"parent":13,"menu_order":11,"comment_status":"closed","ping_status":"closed","template":"template-empresa.php","meta":{"_joinchat":[],"footnotes":""},"class_list":["post-35","page","type-page","status-publish","has-post-thumbnail","hentry"],"_links":{"self":[{"href":"https:\/\/fazfort.com.br\/es\/wp-json\/wp\/v2\/pages\/35","targetHints":{"allow":["GET"]}}],"collection":[{"href":"https:\/\/fazfort.com.br\/es\/wp-json\/wp\/v2\/pages"}],"about":[{"href":"https:\/\/fazfort.com.br\/es\/wp-json\/wp\/v2\/types\/page"}],"author":[{"embeddable":true,"href":"https:\/\/fazfort.com.br\/es\/wp-json\/wp\/v2\/users\/1"}],"replies":[{"embeddable":true,"href":"https:\/\/fazfort.com.br\/es\/wp-json\/wp\/v2\/comments?post=35"}],"version-history":[{"count":14,"href":"https:\/\/fazfort.com.br\/es\/wp-json\/wp\/v2\/pages\/35\/revisions"}],"predecessor-version":[{"id":423,"href":"https:\/\/fazfort.com.br\/es\/wp-json\/wp\/v2\/pages\/35\/revisions\/423"}],"up":[{"embeddable":true,"href":"https:\/\/fazfort.com.br\/es\/wp-json\/wp\/v2\/pages\/13"}],"wp:featuredmedia":[{"embeddable":true,"href":"https:\/\/fazfort.com.br\/es\/wp-json\/wp\/v2\/media\/171"}],"wp:attachment":[{"href":"https:\/\/fazfort.com.br\/es\/wp-json\/wp\/v2\/media?parent=35"}],"curies":[{"name":"wp","href":"https:\/\/api.w.org\/{rel}","templated":true}]}}