{"id":32,"date":"2019-05-09T17:16:08","date_gmt":"2019-05-09T20:16:08","guid":{"rendered":"http:\/\/fazfort.com.br\/?page_id=32"},"modified":"2019-05-27T17:38:48","modified_gmt":"2019-05-27T20:38:48","slug":"certificacao-nbr-iso-9001-2015","status":"publish","type":"page","link":"https:\/\/fazfort.com.br\/es\/empresa\/certificacao-nbr-iso-9001-2015\/","title":{"rendered":"Certificaci\u00f3n NBR ISO 9001-2015"},"content":{"rendered":"<p><\/p>\n<h1>Certificaci\u00f3n<br \/>\nNBR ISO 9001-2015<\/h1>\n<p>Certificado desde julio de 2000, la ISO 9002:94, la Industria y Comercio Fazfort fue recertificado en la versi\u00f3n de la norma ISO 9001:2008.<\/p>\n<p>La norma ISO 9001:2008 exige que las empresas de la eficacia y la eficiencia en la gesti\u00f3n de un sistema de gesti\u00f3n de la calidad, la participaci\u00f3n de todos los procesos existentes y, especialmente, la participaci\u00f3n de la alta direcci\u00f3n.<\/p>\n<p>Adem\u00e1s de los procesos y el cumplimiento con los requisitos de los clientes, la nueva versi\u00f3n de la norma se refiere a la mejora del potencial humano.<\/p>\n<p>Con todo esto, Fazfort aumentado a\u00fan m\u00e1s la b\u00fasqueda de la mejora continua en sus procesos, tiene la conciencia de que son fundamentales para el \u00e9xito de cualquier negocio.<\/p>\n<p>La empresa gana m\u00e1s competitividad, nuestros clientes a obtener m\u00e1s confianza y nuestros empleados profundizar en el conocimiento y habilidad.<\/p>\n<p>&nbsp;<\/p>\n<p><\/p>","protected":false},"excerpt":{"rendered":"<p>Certificaci\u00f3n NBR ISO 9001-2015 Certificado desde julio de 2000, la ISO 9002:94, la Industria y Comercio Fazfort fue recertificado en la versi\u00f3n de la norma ISO 9001:2008. La norma ISO 9001:2008 exige que las empresas de la eficacia y la eficiencia en la gesti\u00f3n de un sistema de gesti\u00f3n de la calidad, la participaci\u00f3n de [&hellip;]<\/p>\n","protected":false},"author":1,"featured_media":171,"parent":13,"menu_order":4,"comment_status":"closed","ping_status":"closed","template":"template-empresa.php","meta":{"_joinchat":[],"footnotes":""},"class_list":["post-32","page","type-page","status-publish","has-post-thumbnail","hentry"],"_links":{"self":[{"href":"https:\/\/fazfort.com.br\/es\/wp-json\/wp\/v2\/pages\/32","targetHints":{"allow":["GET"]}}],"collection":[{"href":"https:\/\/fazfort.com.br\/es\/wp-json\/wp\/v2\/pages"}],"about":[{"href":"https:\/\/fazfort.com.br\/es\/wp-json\/wp\/v2\/types\/page"}],"author":[{"embeddable":true,"href":"https:\/\/fazfort.com.br\/es\/wp-json\/wp\/v2\/users\/1"}],"replies":[{"embeddable":true,"href":"https:\/\/fazfort.com.br\/es\/wp-json\/wp\/v2\/comments?post=32"}],"version-history":[{"count":16,"href":"https:\/\/fazfort.com.br\/es\/wp-json\/wp\/v2\/pages\/32\/revisions"}],"predecessor-version":[{"id":369,"href":"https:\/\/fazfort.com.br\/es\/wp-json\/wp\/v2\/pages\/32\/revisions\/369"}],"up":[{"embeddable":true,"href":"https:\/\/fazfort.com.br\/es\/wp-json\/wp\/v2\/pages\/13"}],"wp:featuredmedia":[{"embeddable":true,"href":"https:\/\/fazfort.com.br\/es\/wp-json\/wp\/v2\/media\/171"}],"wp:attachment":[{"href":"https:\/\/fazfort.com.br\/es\/wp-json\/wp\/v2\/media?parent=32"}],"curies":[{"name":"wp","href":"https:\/\/api.w.org\/{rel}","templated":true}]}}