{"id":17,"date":"2019-05-09T16:22:54","date_gmt":"2019-05-09T19:22:54","guid":{"rendered":"http:\/\/fazfort.com.br\/?page_id=17"},"modified":"2019-05-27T17:54:41","modified_gmt":"2019-05-27T20:54:41","slug":"orcamento","status":"publish","type":"page","link":"https:\/\/fazfort.com.br\/es\/orcamento\/","title":{"rendered":"Presupuesto"},"content":{"rendered":"<p><\/p>\n<h1>Presupuesto<\/h1>\n<p>\u00bfDesea recibir un presupuesto de nuestros productos?<br \/>\nNuestra Central de Ventas est\u00e1 siempre lista para atenderle con agilidad y eficiencia.<br \/>\nEntre en nuestra p\u00e1gina de productos o utilice la siguiente lista para elegir los productos de su inter\u00e9s.<\/p>\n<p><\/p>","protected":false},"excerpt":{"rendered":"<p>Presupuesto \u00bfDesea recibir un presupuesto de nuestros productos? Nuestra Central de Ventas est\u00e1 siempre lista para atenderle con agilidad y eficiencia. Entre en nuestra p\u00e1gina de productos o utilice la siguiente lista para elegir los productos de su inter\u00e9s.<\/p>\n","protected":false},"author":1,"featured_media":0,"parent":0,"menu_order":10,"comment_status":"closed","ping_status":"closed","template":"template-orcamento.php","meta":{"_joinchat":[],"footnotes":""},"class_list":["post-17","page","type-page","status-publish","hentry"],"_links":{"self":[{"href":"https:\/\/fazfort.com.br\/es\/wp-json\/wp\/v2\/pages\/17","targetHints":{"allow":["GET"]}}],"collection":[{"href":"https:\/\/fazfort.com.br\/es\/wp-json\/wp\/v2\/pages"}],"about":[{"href":"https:\/\/fazfort.com.br\/es\/wp-json\/wp\/v2\/types\/page"}],"author":[{"embeddable":true,"href":"https:\/\/fazfort.com.br\/es\/wp-json\/wp\/v2\/users\/1"}],"replies":[{"embeddable":true,"href":"https:\/\/fazfort.com.br\/es\/wp-json\/wp\/v2\/comments?post=17"}],"version-history":[{"count":7,"href":"https:\/\/fazfort.com.br\/es\/wp-json\/wp\/v2\/pages\/17\/revisions"}],"predecessor-version":[{"id":374,"href":"https:\/\/fazfort.com.br\/es\/wp-json\/wp\/v2\/pages\/17\/revisions\/374"}],"wp:attachment":[{"href":"https:\/\/fazfort.com.br\/es\/wp-json\/wp\/v2\/media?parent=17"}],"curies":[{"name":"wp","href":"https:\/\/api.w.org\/{rel}","templated":true}]}}