{"id":13,"date":"2019-05-09T16:22:28","date_gmt":"2019-05-09T19:22:28","guid":{"rendered":"http:\/\/fazfort.com.br\/?page_id=13"},"modified":"2019-05-27T17:34:44","modified_gmt":"2019-05-27T20:34:44","slug":"empresa","status":"publish","type":"page","link":"https:\/\/fazfort.com.br\/es\/empresa\/","title":{"rendered":"Negocios"},"content":{"rendered":"<p><\/p>\n<h1>LA FAZFORT<\/h1>\n<p>\u00c1gil, din\u00e1mico, competitivo y con un sistema de calidad que garantiza que sus productos m\u00e1s modernos est\u00e1ndares. As\u00ed es la Fazfort, una empresa con muchos a\u00f1os de experiencia en la fabricaci\u00f3n de piezas de pl\u00e1stico inyectadas, utilizando muchos diferentes resinas termopl\u00e1sticas.<\/p>\n<p>El Fazfort cuenta con modernas m\u00e1quinas de moldeo por inyecci\u00f3n para recibir de alta tecnolog\u00eda moldes y herramientas para soporte t\u00e9cnico.<\/p>\n<p>Ten\u00eda como objetivo inicial, la fabricaci\u00f3n de productos para uso agr\u00edcola, tales como jeringas y agujas para uso veterinario y art\u00edculos varios como desmamadores pantorrilla, comederos para perros, terneros de los pezones, etc<\/p>\n<p>Con los a\u00f1os, a ra\u00edz de la demanda del mercado, ha ampliado su l\u00ednea de producci\u00f3n para la fabricaci\u00f3n de piezas para terceros, cumpliendo con los m\u00e1s diversos sectores del mercado nacional.<\/p>\n<p>En la actualidad, Fazfort ofrece productos para el mercado veterinario, automotriz, muebles, aparatos electr\u00f3nicos, entre otros.<\/p>\n<p>Con un equipo de profesionales altamente capacitados y calificados, el Fazfort tiene como principal objetivo, la satisfacci\u00f3n del cliente. Debido a su excelente calidad, est\u00e1 en busca de mayores vuelos. El objetivo de la empresa en los mercados extranjeros, la expansi\u00f3n de su negocio. Hoy en d\u00eda, sus productos se exportan ahora, incluso por sus principales clientes.<\/p>\n<p>Esta es la Fazfort, sin\u00f3nimo de calidad!<\/p>\n<p><\/p>","protected":false},"excerpt":{"rendered":"<p>LA FAZFORT \u00c1gil, din\u00e1mico, competitivo y con un sistema de calidad que garantiza que sus productos m\u00e1s modernos est\u00e1ndares. As\u00ed es la Fazfort, una empresa con muchos a\u00f1os de experiencia en la fabricaci\u00f3n de piezas de pl\u00e1stico inyectadas, utilizando muchos diferentes resinas termopl\u00e1sticas. El Fazfort cuenta con modernas m\u00e1quinas de moldeo por inyecci\u00f3n para recibir [&hellip;]<\/p>\n","protected":false},"author":1,"featured_media":171,"parent":0,"menu_order":7,"comment_status":"closed","ping_status":"closed","template":"template-empresa.php","meta":{"_joinchat":[],"footnotes":""},"class_list":["post-13","page","type-page","status-publish","has-post-thumbnail","hentry"],"_links":{"self":[{"href":"https:\/\/fazfort.com.br\/es\/wp-json\/wp\/v2\/pages\/13","targetHints":{"allow":["GET"]}}],"collection":[{"href":"https:\/\/fazfort.com.br\/es\/wp-json\/wp\/v2\/pages"}],"about":[{"href":"https:\/\/fazfort.com.br\/es\/wp-json\/wp\/v2\/types\/page"}],"author":[{"embeddable":true,"href":"https:\/\/fazfort.com.br\/es\/wp-json\/wp\/v2\/users\/1"}],"replies":[{"embeddable":true,"href":"https:\/\/fazfort.com.br\/es\/wp-json\/wp\/v2\/comments?post=13"}],"version-history":[{"count":28,"href":"https:\/\/fazfort.com.br\/es\/wp-json\/wp\/v2\/pages\/13\/revisions"}],"predecessor-version":[{"id":367,"href":"https:\/\/fazfort.com.br\/es\/wp-json\/wp\/v2\/pages\/13\/revisions\/367"}],"wp:featuredmedia":[{"embeddable":true,"href":"https:\/\/fazfort.com.br\/es\/wp-json\/wp\/v2\/media\/171"}],"wp:attachment":[{"href":"https:\/\/fazfort.com.br\/es\/wp-json\/wp\/v2\/media?parent=13"}],"curies":[{"name":"wp","href":"https:\/\/api.w.org\/{rel}","templated":true}]}}